{"id":9,"date":"2024-05-05T16:56:53","date_gmt":"2024-05-05T16:56:53","guid":{"rendered":"http:\/\/avdkollektiv.hu\/?page_id=9"},"modified":"2025-11-29T13:44:59","modified_gmt":"2025-11-29T13:44:59","slug":"fooldal","status":"publish","type":"page","link":"https:\/\/avdkollektiv.hu\/","title":{"rendered":"F\u0151oldal"},"content":{"rendered":"\t\t<div data-elementor-type=\"wp-page\" data-elementor-id=\"9\" class=\"elementor elementor-9\" data-elementor-post-type=\"page\">\n\t\t\t\t<div class=\"elementor-element elementor-element-2bd1df33 e-con-full e-flex e-con e-parent\" data-id=\"2bd1df33\" data-element_type=\"container\" data-settings=\"{&quot;background_background&quot;:&quot;classic&quot;}\">\n\t\t<div class=\"elementor-element elementor-element-5f5011fe e-con-full e-flex e-con e-child\" data-id=\"5f5011fe\" data-element_type=\"container\">\n\t\t<div class=\"elementor-element elementor-element-4ddc37e1 e-flex e-con-boxed e-con e-child\" data-id=\"4ddc37e1\" data-element_type=\"container\">\n\t\t\t\t\t<div class=\"e-con-inner\">\n\t\t\t\t<div class=\"elementor-element elementor-element-7194888c elementor-widget elementor-widget-heading\" data-id=\"7194888c\" data-element_type=\"widget\" data-widget_type=\"heading.default\">\n\t\t\t\t<div class=\"elementor-widget-container\">\n\t\t\t\t\t<h2 class=\"elementor-heading-title elementor-size-default\">\u00dcdv\u00f6zl\u00fcnk<\/h2>\t\t\t\t<\/div>\n\t\t\t\t<\/div>\n\t\t\t\t<div class=\"elementor-element elementor-element-3cc05223 elementor-position-left elementor-vertical-align-middle elementor-vertical-align-bottom elementor-hidden-desktop elementor-widget elementor-widget-image-box\" data-id=\"3cc05223\" data-element_type=\"widget\" data-widget_type=\"image-box.default\">\n\t\t\t\t<div class=\"elementor-widget-container\">\n\t\t\t\t\t<div class=\"elementor-image-box-wrapper\"><figure class=\"elementor-image-box-img\"><img fetchpriority=\"high\" decoding=\"async\" width=\"512\" height=\"512\" src=\"https:\/\/avdkollektiv.hu\/wp-content\/uploads\/2024\/05\/down-left.png\" class=\"attachment-full size-full wp-image-39\" alt=\"\" srcset=\"https:\/\/avdkollektiv.hu\/wp-content\/uploads\/2024\/05\/down-left.png 512w, https:\/\/avdkollektiv.hu\/wp-content\/uploads\/2024\/05\/down-left-300x300.png 300w, https:\/\/avdkollektiv.hu\/wp-content\/uploads\/2024\/05\/down-left-150x150.png 150w\" sizes=\"(max-width: 512px) 100vw, 512px\" \/><\/figure><div class=\"elementor-image-box-content\"><h3 class=\"elementor-image-box-title\">hello@a-42.hu<br \/>+3630 458 3222<\/h3><\/div><\/div>\t\t\t\t<\/div>\n\t\t\t\t<\/div>\n\t\t\t\t\t<\/div>\n\t\t\t\t<\/div>\n\t\t<div class=\"elementor-element elementor-element-613f9e81 elementor-hidden-tablet elementor-hidden-mobile e-flex e-con-boxed e-con e-child\" data-id=\"613f9e81\" data-element_type=\"container\">\n\t\t\t\t\t<div class=\"e-con-inner\">\n\t\t\t\t<div class=\"elementor-element elementor-element-c574f11 elementor-widget elementor-widget-heading\" data-id=\"c574f11\" data-element_type=\"widget\" data-widget_type=\"heading.default\">\n\t\t\t\t<div class=\"elementor-widget-container\">\n\t\t\t\t\t<h2 class=\"elementor-heading-title elementor-size-default\">Sz\u00e9khely: 7400 Kaposv\u00e1r, Z\u00e1rda utca 15. Fsz. 7.<\/h2>\t\t\t\t<\/div>\n\t\t\t\t<\/div>\n\t\t\t\t\t<\/div>\n\t\t\t\t<\/div>\n\t\t<div class=\"elementor-element elementor-element-1dff25ac elementor-hidden-tablet elementor-hidden-mobile e-flex e-con-boxed e-con e-child\" data-id=\"1dff25ac\" data-element_type=\"container\">\n\t\t\t\t\t<div class=\"e-con-inner\">\n\t\t\t\t<div class=\"elementor-element elementor-element-5476bcbb elementor-widget elementor-widget-heading\" data-id=\"5476bcbb\" data-element_type=\"widget\" data-widget_type=\"heading.default\">\n\t\t\t\t<div class=\"elementor-widget-container\">\n\t\t\t\t\t<h2 class=\"elementor-heading-title elementor-size-default\">Telephely: 7257 Mosd\u00f3s, Hrsz. 888\/1<\/h2>\t\t\t\t<\/div>\n\t\t\t\t<\/div>\n\t\t\t\t\t<\/div>\n\t\t\t\t<\/div>\n\t\t\t\t<\/div>\n\t\t<div class=\"elementor-element elementor-element-3371c2f e-con-full e-flex e-con e-child\" data-id=\"3371c2f\" data-element_type=\"container\" data-settings=\"{&quot;background_background&quot;:&quot;classic&quot;}\">\n\t\t<div class=\"elementor-element elementor-element-b999989 e-con-full e-flex e-con e-child\" data-id=\"b999989\" data-element_type=\"container\">\n\t\t<div class=\"elementor-element elementor-element-3930058e e-con-full e-flex e-con e-child\" data-id=\"3930058e\" data-element_type=\"container\">\n\t\t<div class=\"elementor-element elementor-element-3fdb3759 e-con-full e-flex e-con e-child\" data-id=\"3fdb3759\" data-element_type=\"container\">\n\t\t\t\t<div class=\"elementor-element elementor-element-73fa454d elementor-widget elementor-widget-image\" data-id=\"73fa454d\" data-element_type=\"widget\" data-widget_type=\"image.default\">\n\t\t\t\t<div class=\"elementor-widget-container\">\n\t\t\t\t\t\t\t\t\t\t\t\t\t\t\t<img decoding=\"async\" width=\"412\" height=\"412\" src=\"https:\/\/avdkollektiv.hu\/wp-content\/uploads\/2024\/05\/AVD-kor-szoveg.png\" class=\"attachment-large size-large wp-image-19\" alt=\"\" srcset=\"https:\/\/avdkollektiv.hu\/wp-content\/uploads\/2024\/05\/AVD-kor-szoveg.png 412w, https:\/\/avdkollektiv.hu\/wp-content\/uploads\/2024\/05\/AVD-kor-szoveg-300x300.png 300w, https:\/\/avdkollektiv.hu\/wp-content\/uploads\/2024\/05\/AVD-kor-szoveg-150x150.png 150w\" sizes=\"(max-width: 412px) 100vw, 412px\" \/>\t\t\t\t\t\t\t\t\t\t\t\t\t\t\t<\/div>\n\t\t\t\t<\/div>\n\t\t\t\t<\/div>\n\t\t<div class=\"elementor-element elementor-element-224346ba elementor-hidden-tablet elementor-hidden-mobile e-flex e-con-boxed e-con e-child\" data-id=\"224346ba\" data-element_type=\"container\">\n\t\t\t\t\t<div class=\"e-con-inner\">\n\t\t\t\t<div class=\"elementor-element elementor-element-2fb2c956 elementor-widget__width-auto elementor-widget elementor-widget-image\" data-id=\"2fb2c956\" data-element_type=\"widget\" data-widget_type=\"image.default\">\n\t\t\t\t<div class=\"elementor-widget-container\">\n\t\t\t\t\t\t\t\t\t\t\t\t\t\t\t\t<a href=\"https:\/\/a-42.hu\/\" target=\"_blank\">\n\t\t\t\t\t\t\t<img decoding=\"async\" width=\"182\" height=\"182\" src=\"https:\/\/avdkollektiv.hu\/wp-content\/uploads\/2024\/05\/a42-feher-kor.png\" class=\"elementor-animation-grow attachment-large size-large wp-image-20\" alt=\"\" srcset=\"https:\/\/avdkollektiv.hu\/wp-content\/uploads\/2024\/05\/a42-feher-kor.png 182w, https:\/\/avdkollektiv.hu\/wp-content\/uploads\/2024\/05\/a42-feher-kor-150x150.png 150w\" sizes=\"(max-width: 182px) 100vw, 182px\" \/>\t\t\t\t\t\t\t\t<\/a>\n\t\t\t\t\t\t\t\t\t\t\t\t\t\t\t<\/div>\n\t\t\t\t<\/div>\n\t\t\t\t<div class=\"elementor-element elementor-element-356c00d2 elementor-widget__width-auto elementor-widget elementor-widget-image\" data-id=\"356c00d2\" data-element_type=\"widget\" data-widget_type=\"image.default\">\n\t\t\t\t<div class=\"elementor-widget-container\">\n\t\t\t\t\t\t\t\t\t\t\t\t\t\t\t\t<a href=\"https:\/\/www.instagram.com\/vigadohegy42\/\" target=\"_blank\">\n\t\t\t\t\t\t\t<img loading=\"lazy\" decoding=\"async\" width=\"203\" height=\"184\" src=\"https:\/\/avdkollektiv.hu\/wp-content\/uploads\/2024\/05\/v42-feher-kor.png\" class=\"elementor-animation-grow attachment-large size-large wp-image-21\" alt=\"\" \/>\t\t\t\t\t\t\t\t<\/a>\n\t\t\t\t\t\t\t\t\t\t\t\t\t\t\t<\/div>\n\t\t\t\t<\/div>\n\t\t\t\t\t<\/div>\n\t\t\t\t<\/div>\n\t\t\t\t<\/div>\n\t\t<div class=\"elementor-element elementor-element-76c655fc e-con-full e-flex e-con e-child\" data-id=\"76c655fc\" data-element_type=\"container\">\n\t\t<div class=\"elementor-element elementor-element-6d21f528 e-con-full elementor-hidden-tablet elementor-hidden-mobile e-flex e-con e-child\" data-id=\"6d21f528\" data-element_type=\"container\">\n\t\t\t\t<div class=\"elementor-element elementor-element-4750c54b elementor-position-left elementor-vertical-align-middle elementor-widget elementor-widget-image-box\" data-id=\"4750c54b\" data-element_type=\"widget\" data-widget_type=\"image-box.default\">\n\t\t\t\t<div class=\"elementor-widget-container\">\n\t\t\t\t\t<div class=\"elementor-image-box-wrapper\"><figure class=\"elementor-image-box-img\"><img loading=\"lazy\" decoding=\"async\" width=\"512\" height=\"512\" src=\"https:\/\/avdkollektiv.hu\/wp-content\/uploads\/2024\/05\/right-up.png\" class=\"attachment-full size-full wp-image-23\" alt=\"\" srcset=\"https:\/\/avdkollektiv.hu\/wp-content\/uploads\/2024\/05\/right-up.png 512w, https:\/\/avdkollektiv.hu\/wp-content\/uploads\/2024\/05\/right-up-300x300.png 300w, https:\/\/avdkollektiv.hu\/wp-content\/uploads\/2024\/05\/right-up-150x150.png 150w\" sizes=\"(max-width: 512px) 100vw, 512px\" \/><\/figure><div class=\"elementor-image-box-content\"><h3 class=\"elementor-image-box-title\">hello@a-42.hu<br \/>+3630 458 3222<\/h3><\/div><\/div>\t\t\t\t<\/div>\n\t\t\t\t<\/div>\n\t\t\t\t<\/div>\n\t\t<div class=\"elementor-element elementor-element-be6b3a1 e-flex e-con-boxed e-con e-child\" data-id=\"be6b3a1\" data-element_type=\"container\">\n\t\t\t\t\t<div class=\"e-con-inner\">\n\t\t\t\t<div class=\"elementor-element elementor-element-d1b1e68 elementor-widget elementor-widget-heading\" data-id=\"d1b1e68\" data-element_type=\"widget\" data-widget_type=\"heading.default\">\n\t\t\t\t<div class=\"elementor-widget-container\">\n\t\t\t\t\t<h2 class=\"elementor-heading-title elementor-size-default\">Egy kaposv\u00e1ri b\u00e1zis\u00fa fiatal h\u00e1zasp\u00e1r vagyunk k\u00f6zgazdas\u00e1gi v\u00e9gzetts\u00e9gekkel, \u00fczletfejleszt\u00e9si \u00e9s marketing tapasztalattal.\n<br \/><br \/>\nTev\u00e9kenys\u00e9geink \u00f6sszefog\u00e1s\u00e1ra <b>2023 szeptember\u00e9ben l\u00e9trehoztuk csal\u00e1di v\u00e1llalkoz\u00e1sunkat<\/b>, amely a 2019-ben indult marketing tan\u00e1csad\u00e1s \u00e9s kivitelez\u00e9s mellett m\u00e1r mag\u00e1ban foglalja z\u00f6ldter\u00fclet-fejleszt\u00e9si \u00e9s fenntarthat\u00f3s\u00e1gi projektjeinket is.<\/h2>\t\t\t\t<\/div>\n\t\t\t\t<\/div>\n\t\t\t\t<div class=\"elementor-element elementor-element-4de68bc6 elementor-hidden-desktop elementor-widget elementor-widget-heading\" data-id=\"4de68bc6\" data-element_type=\"widget\" data-widget_type=\"heading.default\">\n\t\t\t\t<div class=\"elementor-widget-container\">\n\t\t\t\t\t<h2 class=\"elementor-heading-title elementor-size-default\">Projektjeink:<\/h2>\t\t\t\t<\/div>\n\t\t\t\t<\/div>\n\t\t\t\t<div class=\"elementor-element elementor-element-51c01efb elementor-widget-mobile__width-initial elementor-hidden-desktop elementor-widget elementor-widget-image\" data-id=\"51c01efb\" data-element_type=\"widget\" data-widget_type=\"image.default\">\n\t\t\t\t<div class=\"elementor-widget-container\">\n\t\t\t\t\t\t\t\t\t\t\t\t\t\t\t\t<a href=\"https:\/\/a-42.hu\/\" target=\"_blank\">\n\t\t\t\t\t\t\t<img loading=\"lazy\" decoding=\"async\" width=\"182\" height=\"182\" src=\"https:\/\/avdkollektiv.hu\/wp-content\/uploads\/2024\/05\/a42-feher-kor.png\" class=\"attachment-full size-full wp-image-20\" alt=\"\" srcset=\"https:\/\/avdkollektiv.hu\/wp-content\/uploads\/2024\/05\/a42-feher-kor.png 182w, https:\/\/avdkollektiv.hu\/wp-content\/uploads\/2024\/05\/a42-feher-kor-150x150.png 150w\" sizes=\"(max-width: 182px) 100vw, 182px\" \/>\t\t\t\t\t\t\t\t<\/a>\n\t\t\t\t\t\t\t\t\t\t\t\t\t\t\t<\/div>\n\t\t\t\t<\/div>\n\t\t\t\t<div class=\"elementor-element elementor-element-65fd67b0 elementor-widget-mobile__width-initial elementor-hidden-desktop elementor-widget elementor-widget-image\" data-id=\"65fd67b0\" data-element_type=\"widget\" data-widget_type=\"image.default\">\n\t\t\t\t<div class=\"elementor-widget-container\">\n\t\t\t\t\t\t\t\t\t\t\t\t\t\t\t\t<a href=\"https:\/\/www.instagram.com\/vigadohegy42\/\" target=\"_blank\">\n\t\t\t\t\t\t\t<img loading=\"lazy\" decoding=\"async\" width=\"203\" height=\"184\" src=\"https:\/\/avdkollektiv.hu\/wp-content\/uploads\/2024\/05\/v42-feher-kor.png\" class=\"attachment-full size-full wp-image-21\" alt=\"\" \/>\t\t\t\t\t\t\t\t<\/a>\n\t\t\t\t\t\t\t\t\t\t\t\t\t\t\t<\/div>\n\t\t\t\t<\/div>\n\t\t\t\t<div class=\"elementor-element elementor-element-30ecb767 elementor-hidden-desktop elementor-widget elementor-widget-heading\" data-id=\"30ecb767\" data-element_type=\"widget\" data-widget_type=\"heading.default\">\n\t\t\t\t<div class=\"elementor-widget-container\">\n\t\t\t\t\t<h2 class=\"elementor-heading-title elementor-size-default\">C\u00edm\u00fcnk:<\/h2>\t\t\t\t<\/div>\n\t\t\t\t<\/div>\n\t\t\t\t<div class=\"elementor-element elementor-element-2a782c76 elementor-hidden-desktop elementor-widget elementor-widget-heading\" data-id=\"2a782c76\" data-element_type=\"widget\" data-widget_type=\"heading.default\">\n\t\t\t\t<div class=\"elementor-widget-container\">\n\t\t\t\t\t<h2 class=\"elementor-heading-title elementor-size-default\">Sz\u00e9khely: 7400 Kaposv\u00e1r,<br \/>Z\u00e1rda u. 15. fsz. 7.<\/h2>\t\t\t\t<\/div>\n\t\t\t\t<\/div>\n\t\t\t\t<div class=\"elementor-element elementor-element-15ea8085 elementor-hidden-desktop elementor-widget elementor-widget-heading\" data-id=\"15ea8085\" data-element_type=\"widget\" data-widget_type=\"heading.default\">\n\t\t\t\t<div class=\"elementor-widget-container\">\n\t\t\t\t\t<h2 class=\"elementor-heading-title elementor-size-default\">Telephely:<br \/>7257 Mosd\u00f3s, Hrsz. 888\/1<\/h2>\t\t\t\t<\/div>\n\t\t\t\t<\/div>\n\t\t\t\t\t<\/div>\n\t\t\t\t<\/div>\n\t\t\t\t<\/div>\n\t\t\t\t<\/div>\n\t\t\t\t<\/div>\n\t\t\t\t<\/div>\n\t\t\t\t<\/div>\n\t\t","protected":false},"excerpt":{"rendered":"<p>\u00dcdv\u00f6zl\u00fcnk hello@a-42.hu+3630 458 3222 Sz\u00e9khely: 7400 Kaposv\u00e1r, Z\u00e1rda utca 15. Fsz. 7. Telephely: 7257 Mosd\u00f3s, Hrsz. 888\/1 hello@a-42.hu+3630 458 3222 Egy kaposv\u00e1ri b\u00e1zis\u00fa fiatal h\u00e1zasp\u00e1r vagyunk k\u00f6zgazdas\u00e1gi v\u00e9gzetts\u00e9gekkel, \u00fczletfejleszt\u00e9si \u00e9s marketing tapasztalattal. Tev\u00e9kenys\u00e9geink \u00f6sszefog\u00e1s\u00e1ra 2023 szeptember\u00e9ben l\u00e9trehoztuk csal\u00e1di v\u00e1llalkoz\u00e1sunkat, amely a 2019-ben indult marketing tan\u00e1csad\u00e1s \u00e9s kivitelez\u00e9s mellett m\u00e1r mag\u00e1ban foglalja z\u00f6ldter\u00fclet-fejleszt\u00e9si \u00e9s fenntarthat\u00f3s\u00e1gi projektjeinket [&hellip;]<\/p>\n","protected":false},"author":1,"featured_media":0,"parent":0,"menu_order":0,"comment_status":"closed","ping_status":"closed","template":"elementor_canvas","meta":{"footnotes":""},"class_list":["post-9","page","type-page","status-publish","hentry"],"_links":{"self":[{"href":"https:\/\/avdkollektiv.hu\/index.php?rest_route=\/wp\/v2\/pages\/9","targetHints":{"allow":["GET"]}}],"collection":[{"href":"https:\/\/avdkollektiv.hu\/index.php?rest_route=\/wp\/v2\/pages"}],"about":[{"href":"https:\/\/avdkollektiv.hu\/index.php?rest_route=\/wp\/v2\/types\/page"}],"author":[{"embeddable":true,"href":"https:\/\/avdkollektiv.hu\/index.php?rest_route=\/wp\/v2\/users\/1"}],"replies":[{"embeddable":true,"href":"https:\/\/avdkollektiv.hu\/index.php?rest_route=%2Fwp%2Fv2%2Fcomments&post=9"}],"version-history":[{"count":49,"href":"https:\/\/avdkollektiv.hu\/index.php?rest_route=\/wp\/v2\/pages\/9\/revisions"}],"predecessor-version":[{"id":80,"href":"https:\/\/avdkollektiv.hu\/index.php?rest_route=\/wp\/v2\/pages\/9\/revisions\/80"}],"wp:attachment":[{"href":"https:\/\/avdkollektiv.hu\/index.php?rest_route=%2Fwp%2Fv2%2Fmedia&parent=9"}],"curies":[{"name":"wp","href":"https:\/\/api.w.org\/{rel}","templated":true}]}}